{"id":7,"date":"2022-09-08T12:17:32","date_gmt":"2022-09-08T10:17:32","guid":{"rendered":"http:\/\/atw-lubricants.com\/?page_id=7"},"modified":"2022-09-09T18:50:38","modified_gmt":"2022-09-09T16:50:38","slug":"range-of-services","status":"publish","type":"page","link":"https:\/\/atw-lubricants.com\/de\/range-of-services\/","title":{"rendered":"Leistungsspektrum"},"content":{"rendered":"\n<div class=\"wp-block-cover alignfull\" style=\"min-height:300px\"><span aria-hidden=\"true\" class=\"wp-block-cover__background has-nv-site-bg-background-color has-background-dim-100 has-background-dim\"><\/span><div class=\"wp-block-cover__inner-container\">\n<div class=\"is-layout-flow wp-block-group\"><div class=\"wp-block-group__inner-container\">\n<h1 class=\"has-text-align-left has-neve-text-color-color has-text-color\">\u00d6l im Gro\u00dfhandel einkaufen | ATW Lubricants<\/h1>\n<\/div><\/div>\n<\/div><\/div>\n\n\n\n<div class=\"wp-block-cover alignfull\" style=\"min-height:600px\"><span aria-hidden=\"true\" class=\"wp-block-cover__background has-nv-light-bg-background-color has-background-dim-100 has-background-dim\"><\/span><div class=\"wp-block-cover__inner-container\">\n<div class=\"is-layout-flow wp-block-group\"><div class=\"wp-block-group__inner-container\">\n<div style=\"height:80px\" aria-hidden=\"true\" class=\"wp-block-spacer\"><\/div>\n\n\n\n<div class=\"is-layout-flex wp-container-5 wp-block-columns are-vertically-aligned-center\">\n<div class=\"is-layout-flow wp-block-column is-vertically-aligned-center\" style=\"flex-basis:50%\">\n<figure class=\"wp-block-image size-large\"><img decoding=\"async\" loading=\"lazy\" width=\"768\" height=\"1024\" src=\"http:\/\/atw-lubricants.com\/wp-content\/uploads\/2022\/09\/engine-oil-1-768x1024.jpg\" alt=\"\" class=\"wp-image-245\" srcset=\"https:\/\/atw-lubricants.com\/wp-content\/uploads\/2022\/09\/engine-oil-1-768x1024.jpg 768w, https:\/\/atw-lubricants.com\/wp-content\/uploads\/2022\/09\/engine-oil-1-225x300.jpg 225w, https:\/\/atw-lubricants.com\/wp-content\/uploads\/2022\/09\/engine-oil-1-1152x1536.jpg 1152w, https:\/\/atw-lubricants.com\/wp-content\/uploads\/2022\/09\/engine-oil-1.jpg 1500w\" sizes=\"(max-width: 768px) 100vw, 768px\" \/><\/figure>\n<\/div>\n\n\n\n<div class=\"is-layout-flow wp-block-column is-vertically-aligned-center\" style=\"flex-basis:50%\">\n<h2 class=\"has-neve-text-color-color has-text-color\">Motor\u00f6l Gro\u00dfhandel<\/h2>\n\n\n\n<p class=\"has-neve-text-color-color has-text-color has-medium-font-size\">Sie suchen nach Motor\u00f6l in gro\u00dfen Mengen? Sie sind gewerblicher H\u00e4ndler, Gro\u00dfh\u00e4ndler, Reseller oder Zwischenh\u00e4ndler und suchen neue Handelspartner?<\/p>\n\n\n\n<p class=\"has-neve-text-color-color has-text-color\">ATW Lubricants ist Ihr Ansprechpartner! Durch jahrelange Erfahrung im Gro\u00dfhandel mit Motoren\u00f6l und allen weiteren Schmierstoffen in Auto, Nutzfahrzeug und Industrie sind wir Ihr verl\u00e4sslicher Lieferant f\u00fcr Motoren\u00f6le in gro\u00dfen Mengen.<\/p>\n\n\n\n<h2 class=\"has-neve-text-color-color has-text-color\">Aftermarket und OEM Motor\u00f6le kaufen<\/h2>\n\n\n\n<p class=\"has-neve-text-color-color has-text-color has-medium-font-size\">Unser Leistungsspektrum fasst ein breites Portfolio an Aftermarket Motor\u00f6len f\u00fcr Kfz und Industrie. So f\u00fchren wir beispielsweise Motoren\u00f6le der Marken:<\/p>\n\n\n\n<ul class=\"has-neve-text-color-color has-text-color\"><li>Castrol Motor\u00f6l im Gro\u00dfhandel kaufen<\/li><li>Shell Motor\u00f6l im Gro\u00dfhandel kaufen<\/li><li>Mobil1 Motor\u00f6l im Gro\u00dfhandel kaufen<\/li><li>Fuchs Motor\u00f6l im Gro\u00dfhandel kaufen<\/li><li>Aral Motor\u00f6l im Gro\u00dfhandel kaufen<\/li><\/ul>\n\n\n\n<p class=\"has-neve-text-color-color has-text-color has-medium-font-size\">Unser Leistungsspektrum fasst ein breites Portfolio an Aftermarket Motor\u00f6len f\u00fcr Kfz und Industrie. So f\u00fchren wir beispielsweise Motoren\u00f6le der Marken:<\/p>\n\n\n\n<ul class=\"has-neve-text-color-color has-text-color\"><li>BMW Motor\u00f6l im Gro\u00dfhandel kaufen<\/li><li>Volkswagen (VW) Motor\u00f6l im Gro\u00dfhandel kaufen<\/li><li>Mercedes-Benz Motor\u00f6l im Gro\u00dfhandel kaufen<\/li><li>Mopar Motor\u00f6l im Gro\u00dfhandel kaufen<\/li><li>Ford Motorcraft Motor\u00f6l im Gro\u00dfhandel kaufen<\/li><li>Nissan Motor\u00f6l im Gro\u00dfhandel kaufen<\/li><li>Toyota Motor\u00f6l im Gro\u00dfhandel kaufen<\/li><li>Volvo Motor\u00f6l im Gro\u00dfhandel kaufen<\/li><\/ul>\n\n\n\n<div class=\"is-layout-flex wp-block-buttons\">\n<div class=\"wp-block-button is-style-primary\"><a class=\"wp-block-button__link\" href=\"https:\/\/atw-lubricants.com\/de\/contact\/\">LET\u2019S TALK<\/a><\/div>\n<\/div>\n<\/div>\n<\/div>\n\n\n\n<div style=\"height:40px\" aria-hidden=\"true\" class=\"wp-block-spacer\"><\/div>\n<\/div><\/div>\n<\/div><\/div>\n\n\n\n<div class=\"wp-block-cover alignfull\" style=\"min-height:600px\"><span aria-hidden=\"true\" class=\"wp-block-cover__background has-nv-dark-bg-background-color has-background-dim-100 has-background-dim\"><\/span><div class=\"wp-block-cover__inner-container\">\n<div class=\"is-layout-flow wp-block-group\"><div class=\"wp-block-group__inner-container\">\n<div style=\"height:80px\" aria-hidden=\"true\" class=\"wp-block-spacer\"><\/div>\n\n\n\n<div class=\"is-layout-flex wp-container-10 wp-block-columns are-vertically-aligned-center\">\n<div class=\"is-layout-flow wp-block-column is-vertically-aligned-center\" style=\"flex-basis:50%\">\n<h2 class=\"has-nv-text-dark-bg-color has-text-color\">Getriebe\u00f6l f\u00fcr Gewerbetreibende im Gro\u00dfhandel<\/h2>\n\n\n\n<p class=\"has-nv-text-dark-bg-color has-text-color\">Sie suchen als Gewerbetreibender nach einer M\u00f6glichkeit, Getriebe\u00f6le in gro\u00dfen Mengen zu beziehen?<\/p>\n\n\n\n<p>ATW Germany bietet Ihnen als Gro\u00dfh\u00e4ndler f\u00fcr Kfz Getriebe\u00f6l, Nutzfahrzeug Getriebe\u00f6le und Industrie Getriebe\u00f6le wie MTFs (Schaltgetriebe\u00f6le), ATFs (Automatikgetriebe\u00f6le) und Differenzial- sowie Verteilergetriebe\u00f6le eine weite Produktpalette an Aftermarkets und OEM Getriebe\u00f6len.<\/p>\n\n\n\n<h2 class=\"has-nv-text-dark-bg-color has-text-color\">OEM Getriebe\u00f6le und Aftermarket Getriebe\u00f6le<\/h2>\n\n\n\n<p>Das ATW Germany Handelsportfolio bietet Ihnen eine breite Auswahl an Getriebe\u00f6len des Aftermarkets f\u00fcr den Einsatz in Kfz und Industrie. So f\u00fchren wir beispielsweise Getriebe\u00f6le der Marken:<\/p>\n\n\n\n<ul><li>Castrol Getriebe\u00f6l im Gro\u00dfhandel kaufen<\/li><li>Mobil1 Getriebe\u00f6l im Gro\u00dfhandel kaufen<\/li><li>Fuchs Getriebe\u00f6l im Gro\u00dfhandel kaufen<\/li><li>Aral Getriebe\u00f6l im Gro\u00dfhandel kaufen<\/li><\/ul>\n\n\n\n<p>Hierneben bietet ATW Germany Ihnen Schmierstoffe nationaler und internationaler OEMs. Wir bieten Ihnen OEM Getriebe\u00f6le f\u00fcr Fahrzeuge des europ\u00e4ischen, US-amerikanischen und asiatischen Fahrzeugmarktes:<\/p>\n\n\n\n<ul><li>Volkswagen (VW) Getriebe\u00f6l im Gro\u00dfhandel kaufen<\/li><li>Mercedes-Benz Getriebe\u00f6l im Gro\u00dfhandel kaufen<\/li><li>Mopar Getriebe\u00f6l im Gro\u00dfhandel kaufen<\/li><li>Ford Motorcraft Getriebe\u00f6l im Gro\u00dfhandel kaufen<\/li><li>Nissan Getriebe\u00f6l im Gro\u00dfhandel kaufen<\/li><li>Toyota Getriebe\u00f6l im Gro\u00dfhandel kaufen<\/li><li>Volvo Getriebe\u00f6l im Gro\u00dfhandel kaufen<\/li><\/ul>\n\n\n\n<div style=\"height:20px\" aria-hidden=\"true\" class=\"wp-block-spacer\"><\/div>\n\n\n\n<div class=\"is-layout-flex wp-block-buttons\">\n<div class=\"wp-block-button is-style-primary\"><a class=\"wp-block-button__link\" href=\"#\">LET\u2019S TALK<\/a><\/div>\n<\/div>\n\n\n\n<div style=\"height:20px\" aria-hidden=\"true\" class=\"wp-block-spacer\"><\/div>\n<\/div>\n\n\n\n<div class=\"is-layout-flow wp-block-column is-vertically-aligned-center\" style=\"flex-basis:50%\">\n<figure class=\"wp-block-image size-large\"><img decoding=\"async\" loading=\"lazy\" width=\"768\" height=\"1024\" src=\"http:\/\/atw-lubricants.com\/wp-content\/uploads\/2022\/09\/transmission-oil-1-768x1024.jpg\" alt=\"\" class=\"wp-image-246\" srcset=\"https:\/\/atw-lubricants.com\/wp-content\/uploads\/2022\/09\/transmission-oil-1-768x1024.jpg 768w, https:\/\/atw-lubricants.com\/wp-content\/uploads\/2022\/09\/transmission-oil-1-225x300.jpg 225w, https:\/\/atw-lubricants.com\/wp-content\/uploads\/2022\/09\/transmission-oil-1-1152x1536.jpg 1152w, https:\/\/atw-lubricants.com\/wp-content\/uploads\/2022\/09\/transmission-oil-1.jpg 1500w\" sizes=\"(max-width: 768px) 100vw, 768px\" \/><\/figure>\n<\/div>\n<\/div>\n\n\n\n<div style=\"height:40px\" aria-hidden=\"true\" class=\"wp-block-spacer\"><\/div>\n<\/div><\/div>\n<\/div><\/div>\n","protected":false},"excerpt":{"rendered":"","protected":false},"author":1,"featured_media":0,"parent":0,"menu_order":0,"comment_status":"closed","ping_status":"closed","template":"","meta":{"neve_meta_sidebar":"","neve_meta_container":"","neve_meta_enable_content_width":"on","neve_meta_content_width":100,"neve_meta_title_alignment":"","neve_meta_author_avatar":"","neve_post_elements_order":"","neve_meta_disable_header":"","neve_meta_disable_footer":"","neve_meta_disable_title":"on"},"translation":{"provider":"WPGlobus","version":"3.0.1","language":"de","enabled_languages":["en","de"],"languages":{"en":{"title":true,"content":true,"excerpt":false},"de":{"title":true,"content":true,"excerpt":false}}},"_links":{"self":[{"href":"https:\/\/atw-lubricants.com\/de\/wp-json\/wp\/v2\/pages\/7"}],"collection":[{"href":"https:\/\/atw-lubricants.com\/de\/wp-json\/wp\/v2\/pages"}],"about":[{"href":"https:\/\/atw-lubricants.com\/de\/wp-json\/wp\/v2\/types\/page"}],"author":[{"embeddable":true,"href":"https:\/\/atw-lubricants.com\/de\/wp-json\/wp\/v2\/users\/1"}],"replies":[{"embeddable":true,"href":"https:\/\/atw-lubricants.com\/de\/wp-json\/wp\/v2\/comments?post=7"}],"version-history":[{"count":25,"href":"https:\/\/atw-lubricants.com\/de\/wp-json\/wp\/v2\/pages\/7\/revisions"}],"predecessor-version":[{"id":247,"href":"https:\/\/atw-lubricants.com\/de\/wp-json\/wp\/v2\/pages\/7\/revisions\/247"}],"wp:attachment":[{"href":"https:\/\/atw-lubricants.com\/de\/wp-json\/wp\/v2\/media?parent=7"}],"curies":[{"name":"wp","href":"https:\/\/api.w.org\/{rel}","templated":true}]}}