{"id":6,"date":"2022-09-08T12:17:32","date_gmt":"2022-09-08T10:17:32","guid":{"rendered":"http:\/\/atw-lubricants.com\/?page_id=6"},"modified":"2022-09-13T12:16:22","modified_gmt":"2022-09-13T10:16:22","slug":"startseite","status":"publish","type":"page","link":"https:\/\/atw-lubricants.com\/de\/","title":{"rendered":"Startseite"},"content":{"rendered":"\n<div class=\"wp-block-cover alignfull\" style=\"min-height:729px\"><span aria-hidden=\"true\" class=\"wp-block-cover__background has-background-dim-0 has-background-dim\"><\/span><img decoding=\"async\" loading=\"lazy\" width=\"2560\" height=\"1700\" class=\"wp-block-cover__image-background wp-image-85\" alt=\"\" src=\"http:\/\/atw-lubricants.com\/wp-content\/uploads\/2022\/09\/atw-homepage-scaled.jpg\" style=\"object-position:50% 64%\" data-object-fit=\"cover\" data-object-position=\"50% 64%\" srcset=\"https:\/\/atw-lubricants.com\/wp-content\/uploads\/2022\/09\/atw-homepage-scaled.jpg 2560w, https:\/\/atw-lubricants.com\/wp-content\/uploads\/2022\/09\/atw-homepage-300x199.jpg 300w, https:\/\/atw-lubricants.com\/wp-content\/uploads\/2022\/09\/atw-homepage-1024x680.jpg 1024w, https:\/\/atw-lubricants.com\/wp-content\/uploads\/2022\/09\/atw-homepage-768x510.jpg 768w, https:\/\/atw-lubricants.com\/wp-content\/uploads\/2022\/09\/atw-homepage-1536x1020.jpg 1536w, https:\/\/atw-lubricants.com\/wp-content\/uploads\/2022\/09\/atw-homepage-2048x1360.jpg 2048w\" sizes=\"(max-width: 2560px) 100vw, 2560px\" \/><div class=\"wp-block-cover__inner-container\">\n<p><\/p>\n\n\n\n<h1 class=\"has-text-align-center has-text-color\" style=\"color:#121212\"><mark style=\"background-color:rgba(0, 0, 0, 0)\" class=\"has-inline-color has-nv-site-bg-color\">Wir sind Ihr Ansprechpartner f\u00fcr Schmierstoffe im Gro\u00dfhandel!<\/mark><\/h1>\n\n\n\n<p class=\"has-text-align-center has-text-color\" style=\"color:#121212;font-size:17px\"><mark style=\"background-color:rgba(0, 0, 0, 0)\" class=\"has-inline-color has-nv-site-bg-color\">Sortiment &#8211; Preis &#8211; Service &#8211; Qualit\u00e4t:<br>Sie sind auf der Suche nach einem professionellen Lieferanten f\u00fcr Schmierstoffe und Ersatzteile?<\/mark><\/p>\n\n\n\n<p class=\"has-text-align-center has-text-color\" style=\"color:#121212;font-size:17px\"><mark style=\"background-color:rgba(0, 0, 0, 0)\" class=\"has-inline-color has-nv-site-bg-color\">ATW Lubricants bietet Ihnen ein breites Sortiment einer Vielzahl von Herstellern zu exklusiven Preisen.<\/mark><\/p>\n\n\n\n<div class=\"is-horizontal is-content-justification-center is-layout-flex wp-container-1 wp-block-buttons\">\n<div class=\"wp-block-button is-style-primary\"><a class=\"wp-block-button__link\" href=\"http:\/\/www.atw-lubricants.com\/de\/contact\/\">Kontakt zu uns aufnehmen!<\/a><\/div>\n\n\n\n<div class=\"wp-block-button is-style-secondary\"><a class=\"wp-block-button__link\" href=\"https:\/\/atw-lubricants.com\/de\/range-of-services\/\" target=\"_blank\" rel=\"noreferrer noopener\">Unsere Leistungen<\/a><\/div>\n<\/div>\n\n\n\n<p><\/p>\n<\/div><\/div>\n\n\n\n<div style=\"height:80px\" aria-hidden=\"true\" class=\"wp-block-spacer\"><\/div>\n\n\n\n<div class=\"is-layout-flex wp-container-5 wp-block-columns\">\n<div class=\"is-layout-flow wp-block-column\"><div class=\"wp-block-image icon-style is-style-default\">\n<figure class=\"aligncenter size-full\"><img decoding=\"async\" loading=\"lazy\" width=\"42\" height=\"42\" src=\"http:\/\/atw-lubricants.com\/wp-content\/uploads\/2022\/09\/icon-03.jpeg\" alt=\"\" class=\"wp-image-88\"\/><\/figure><\/div>\n\n\n<h3 class=\"has-text-align-center has-neve-text-color-color has-text-color\">Gro\u00dfes Sortiment<\/h3>\n\n\n\n<p class=\"has-text-align-center\">Unser Sortiment umfasst ein sehr gro\u00dfes Portfolio an Schmierstoffen. Eine Abdeckung von Fahrzeugen s\u00e4mtlicher M\u00e4rkte und Hersteller k\u00f6nnen wir so sicherstellen.<\/p>\n\n\n\n<div style=\"height:20px\" aria-hidden=\"true\" class=\"wp-block-spacer\"><\/div>\n<\/div>\n\n\n\n<div class=\"is-layout-flow wp-block-column\"><div class=\"wp-block-image icon-style is-style-default\">\n<figure class=\"aligncenter size-full\"><img decoding=\"async\" loading=\"lazy\" width=\"42\" height=\"42\" src=\"http:\/\/atw-lubricants.com\/wp-content\/uploads\/2022\/09\/icon-02.jpeg\" alt=\"\" class=\"wp-image-89\"\/><\/figure><\/div>\n\n\n<h3 class=\"has-text-align-center has-neve-text-color-color has-text-color\">Premium Betreuung<\/h3>\n\n\n\n<p class=\"has-text-align-center\">Ihr pers\u00f6nlicher ATW Lubricants Ansprechpartner betreut Sie als H\u00e4ndler, Wiederverk\u00e4ufer oder Werkstatt pers\u00f6nlich und just in in time!<\/p>\n<\/div>\n\n\n\n<div class=\"is-layout-flow wp-block-column\"><div class=\"wp-block-image icon-style is-style-rounded\">\n<figure class=\"aligncenter size-full\"><img decoding=\"async\" loading=\"lazy\" width=\"42\" height=\"42\" src=\"http:\/\/atw-lubricants.com\/wp-content\/uploads\/2022\/09\/icon-01.jpeg\" alt=\"\" class=\"wp-image-87\"\/><\/figure><\/div>\n\n\n<h3 class=\"has-text-align-center has-neve-text-color-color has-text-color\">Hohe Verf\u00fcgbarkeit<\/h3>\n\n\n\n<p class=\"has-text-align-center\">Durch hohe Lagerkapazit\u00e4ten und intensive Lieferantenbeziehungen k\u00f6nnen wir auch international Lieferzeiten kurz halten.<\/p>\n\n\n\n<div style=\"height:20px\" aria-hidden=\"true\" class=\"wp-block-spacer\"><\/div>\n<\/div>\n<\/div>\n\n\n\n<div class=\"is-layout-flex wp-container-11 wp-block-columns is-not-stacked-on-mobile\">\n<div class=\"is-layout-flow wp-block-column\"><div class=\"wp-block-image icon-style is-style-default\">\n<figure class=\"aligncenter size-full\"><img decoding=\"async\" loading=\"lazy\" width=\"300\" height=\"300\" src=\"http:\/\/atw-lubricants.com\/wp-content\/uploads\/2022\/09\/bmw.png\" alt=\"\" class=\"wp-image-90\" srcset=\"https:\/\/atw-lubricants.com\/wp-content\/uploads\/2022\/09\/bmw.png 300w, https:\/\/atw-lubricants.com\/wp-content\/uploads\/2022\/09\/bmw-150x150.png 150w\" sizes=\"(max-width: 300px) 100vw, 300px\" \/><\/figure><\/div><\/div>\n\n\n\n<div class=\"is-layout-flow wp-block-column\"><div class=\"wp-block-image icon-style is-style-rounded\">\n<figure class=\"aligncenter size-full\"><img decoding=\"async\" loading=\"lazy\" width=\"300\" height=\"300\" src=\"http:\/\/atw-lubricants.com\/wp-content\/uploads\/2022\/09\/ford.png\" alt=\"\" class=\"wp-image-91\" srcset=\"https:\/\/atw-lubricants.com\/wp-content\/uploads\/2022\/09\/ford.png 300w, https:\/\/atw-lubricants.com\/wp-content\/uploads\/2022\/09\/ford-150x150.png 150w\" sizes=\"(max-width: 300px) 100vw, 300px\" \/><\/figure><\/div><\/div>\n\n\n\n<div class=\"is-layout-flow wp-block-column\"><div class=\"wp-block-image icon-style is-style-rounded\">\n<figure class=\"aligncenter size-full\"><img decoding=\"async\" loading=\"lazy\" width=\"300\" height=\"300\" src=\"http:\/\/atw-lubricants.com\/wp-content\/uploads\/2022\/09\/vw.png\" alt=\"\" class=\"wp-image-92\" srcset=\"https:\/\/atw-lubricants.com\/wp-content\/uploads\/2022\/09\/vw.png 300w, https:\/\/atw-lubricants.com\/wp-content\/uploads\/2022\/09\/vw-150x150.png 150w\" sizes=\"(max-width: 300px) 100vw, 300px\" \/><\/figure><\/div><\/div>\n\n\n\n<div class=\"is-layout-flow wp-block-column\"><div class=\"wp-block-image icon-style is-style-default\">\n<figure class=\"aligncenter size-full\"><img decoding=\"async\" loading=\"lazy\" width=\"300\" height=\"300\" src=\"http:\/\/atw-lubricants.com\/wp-content\/uploads\/2022\/09\/audi.png\" alt=\"\" class=\"wp-image-93\" srcset=\"https:\/\/atw-lubricants.com\/wp-content\/uploads\/2022\/09\/audi.png 300w, https:\/\/atw-lubricants.com\/wp-content\/uploads\/2022\/09\/audi-150x150.png 150w\" sizes=\"(max-width: 300px) 100vw, 300px\" \/><\/figure><\/div><\/div>\n\n\n\n<div class=\"is-layout-flow wp-block-column\"><div class=\"wp-block-image icon-style is-style-default\">\n<figure class=\"aligncenter size-full\"><img decoding=\"async\" loading=\"lazy\" width=\"300\" height=\"300\" src=\"http:\/\/atw-lubricants.com\/wp-content\/uploads\/2022\/09\/toyota.png\" alt=\"\" class=\"wp-image-94\" srcset=\"https:\/\/atw-lubricants.com\/wp-content\/uploads\/2022\/09\/toyota.png 300w, https:\/\/atw-lubricants.com\/wp-content\/uploads\/2022\/09\/toyota-150x150.png 150w\" sizes=\"(max-width: 300px) 100vw, 300px\" \/><\/figure><\/div><\/div>\n<\/div>\n\n\n\n<div class=\"is-layout-flex wp-container-17 wp-block-columns is-not-stacked-on-mobile\">\n<div class=\"is-layout-flow wp-block-column\"><div class=\"wp-block-image icon-style is-style-default\">\n<figure class=\"aligncenter size-full\"><img decoding=\"async\" loading=\"lazy\" width=\"300\" height=\"300\" src=\"http:\/\/atw-lubricants.com\/wp-content\/uploads\/2022\/09\/castrol.jpg\" alt=\"\" class=\"wp-image-95\" srcset=\"https:\/\/atw-lubricants.com\/wp-content\/uploads\/2022\/09\/castrol.jpg 300w, https:\/\/atw-lubricants.com\/wp-content\/uploads\/2022\/09\/castrol-150x150.jpg 150w\" sizes=\"(max-width: 300px) 100vw, 300px\" \/><\/figure><\/div><\/div>\n\n\n\n<div class=\"is-layout-flow wp-block-column\"><div class=\"wp-block-image icon-style is-style-rounded\">\n<figure class=\"aligncenter size-full\"><img decoding=\"async\" loading=\"lazy\" width=\"300\" height=\"300\" src=\"http:\/\/atw-lubricants.com\/wp-content\/uploads\/2022\/09\/shell.jpg\" alt=\"\" class=\"wp-image-96\" srcset=\"https:\/\/atw-lubricants.com\/wp-content\/uploads\/2022\/09\/shell.jpg 300w, https:\/\/atw-lubricants.com\/wp-content\/uploads\/2022\/09\/shell-150x150.jpg 150w\" sizes=\"(max-width: 300px) 100vw, 300px\" \/><\/figure><\/div><\/div>\n\n\n\n<div class=\"is-layout-flow wp-block-column\"><div class=\"wp-block-image icon-style is-style-rounded\">\n<figure class=\"aligncenter size-full\"><img decoding=\"async\" loading=\"lazy\" width=\"300\" height=\"300\" src=\"http:\/\/atw-lubricants.com\/wp-content\/uploads\/2022\/09\/fuchs.jpg\" alt=\"\" class=\"wp-image-97\" srcset=\"https:\/\/atw-lubricants.com\/wp-content\/uploads\/2022\/09\/fuchs.jpg 300w, https:\/\/atw-lubricants.com\/wp-content\/uploads\/2022\/09\/fuchs-150x150.jpg 150w\" sizes=\"(max-width: 300px) 100vw, 300px\" \/><\/figure><\/div><\/div>\n\n\n\n<div class=\"is-layout-flow wp-block-column\"><div class=\"wp-block-image icon-style is-style-default\">\n<figure class=\"aligncenter size-full\"><img decoding=\"async\" loading=\"lazy\" width=\"300\" height=\"300\" src=\"http:\/\/atw-lubricants.com\/wp-content\/uploads\/2022\/09\/mobil.jpg\" alt=\"\" class=\"wp-image-98\" srcset=\"https:\/\/atw-lubricants.com\/wp-content\/uploads\/2022\/09\/mobil.jpg 300w, https:\/\/atw-lubricants.com\/wp-content\/uploads\/2022\/09\/mobil-150x150.jpg 150w\" sizes=\"(max-width: 300px) 100vw, 300px\" \/><\/figure><\/div><\/div>\n\n\n\n<div class=\"is-layout-flow wp-block-column\"><div class=\"wp-block-image icon-style is-style-default\">\n<figure class=\"aligncenter size-full\"><img decoding=\"async\" loading=\"lazy\" width=\"300\" height=\"300\" src=\"http:\/\/atw-lubricants.com\/wp-content\/uploads\/2022\/09\/aral.jpg\" alt=\"\" class=\"wp-image-99\" srcset=\"https:\/\/atw-lubricants.com\/wp-content\/uploads\/2022\/09\/aral.jpg 300w, https:\/\/atw-lubricants.com\/wp-content\/uploads\/2022\/09\/aral-150x150.jpg 150w\" sizes=\"(max-width: 300px) 100vw, 300px\" \/><\/figure><\/div><\/div>\n<\/div>\n\n\n\n<div class=\"is-layout-flex wp-container-23 wp-block-columns is-not-stacked-on-mobile\">\n<div class=\"is-layout-flow wp-block-column\"><div class=\"wp-block-image icon-style is-style-default\">\n<figure class=\"aligncenter size-full\"><img decoding=\"async\" loading=\"lazy\" width=\"300\" height=\"300\" src=\"http:\/\/atw-lubricants.com\/wp-content\/uploads\/2022\/09\/volvo.png\" alt=\"\" class=\"wp-image-100\" srcset=\"https:\/\/atw-lubricants.com\/wp-content\/uploads\/2022\/09\/volvo.png 300w, https:\/\/atw-lubricants.com\/wp-content\/uploads\/2022\/09\/volvo-150x150.png 150w\" sizes=\"(max-width: 300px) 100vw, 300px\" \/><\/figure><\/div><\/div>\n\n\n\n<div class=\"is-layout-flow wp-block-column\"><div class=\"wp-block-image icon-style is-style-rounded\">\n<figure class=\"aligncenter size-full\"><img decoding=\"async\" loading=\"lazy\" width=\"300\" height=\"300\" src=\"http:\/\/atw-lubricants.com\/wp-content\/uploads\/2022\/09\/nissan.png\" alt=\"\" class=\"wp-image-101\" srcset=\"https:\/\/atw-lubricants.com\/wp-content\/uploads\/2022\/09\/nissan.png 300w, https:\/\/atw-lubricants.com\/wp-content\/uploads\/2022\/09\/nissan-150x150.png 150w\" sizes=\"(max-width: 300px) 100vw, 300px\" \/><\/figure><\/div>\n\n\n<div style=\"height:20px\" aria-hidden=\"true\" class=\"wp-block-spacer\"><\/div>\n<\/div>\n\n\n\n<div class=\"is-layout-flow wp-block-column\"><div class=\"wp-block-image icon-style is-style-rounded\">\n<figure class=\"aligncenter size-full\"><img decoding=\"async\" loading=\"lazy\" width=\"300\" height=\"300\" src=\"http:\/\/atw-lubricants.com\/wp-content\/uploads\/2022\/09\/mopar.png\" alt=\"\" class=\"wp-image-102\" srcset=\"https:\/\/atw-lubricants.com\/wp-content\/uploads\/2022\/09\/mopar.png 300w, https:\/\/atw-lubricants.com\/wp-content\/uploads\/2022\/09\/mopar-150x150.png 150w\" sizes=\"(max-width: 300px) 100vw, 300px\" \/><\/figure><\/div>\n\n\n<div style=\"height:20px\" aria-hidden=\"true\" class=\"wp-block-spacer\"><\/div>\n<\/div>\n\n\n\n<div class=\"is-layout-flow wp-block-column\"><div class=\"wp-block-image icon-style is-style-default\">\n<figure class=\"aligncenter size-full\"><img decoding=\"async\" loading=\"lazy\" width=\"300\" height=\"300\" src=\"http:\/\/atw-lubricants.com\/wp-content\/uploads\/2022\/09\/mercedes.png\" alt=\"\" class=\"wp-image-103\" srcset=\"https:\/\/atw-lubricants.com\/wp-content\/uploads\/2022\/09\/mercedes.png 300w, https:\/\/atw-lubricants.com\/wp-content\/uploads\/2022\/09\/mercedes-150x150.png 150w\" sizes=\"(max-width: 300px) 100vw, 300px\" \/><\/figure><\/div>\n\n\n<div style=\"height:20px\" aria-hidden=\"true\" class=\"wp-block-spacer\"><\/div>\n<\/div>\n\n\n\n<div class=\"is-layout-flow wp-block-column\"><div class=\"wp-block-image icon-style is-style-default\">\n<figure class=\"aligncenter size-full\"><img decoding=\"async\" loading=\"lazy\" width=\"300\" height=\"300\" src=\"http:\/\/atw-lubricants.com\/wp-content\/uploads\/2022\/09\/motorcraft.png\" alt=\"\" class=\"wp-image-104\" srcset=\"https:\/\/atw-lubricants.com\/wp-content\/uploads\/2022\/09\/motorcraft.png 300w, https:\/\/atw-lubricants.com\/wp-content\/uploads\/2022\/09\/motorcraft-150x150.png 150w\" sizes=\"(max-width: 300px) 100vw, 300px\" \/><\/figure><\/div>\n\n\n<div style=\"height:20px\" aria-hidden=\"true\" class=\"wp-block-spacer\"><\/div>\n<\/div>\n<\/div>\n\n\n\n<div class=\"wp-block-cover alignfull\" style=\"min-height:600px\"><span aria-hidden=\"true\" class=\"wp-block-cover__background has-nv-light-bg-background-color has-background-dim-100 has-background-dim\"><\/span><div class=\"wp-block-cover__inner-container\">\n<div class=\"is-layout-flow wp-block-group\"><div class=\"wp-block-group__inner-container\">\n<div class=\"is-layout-flex wp-container-28 wp-block-columns are-vertically-aligned-center\">\n<div class=\"is-layout-flow wp-block-column is-vertically-aligned-center\" style=\"flex-basis:50%\"><\/div>\n\n\n\n<div class=\"is-layout-flow wp-block-column is-vertically-aligned-center\" style=\"flex-basis:50%\">\n<div style=\"height:20px\" aria-hidden=\"true\" class=\"wp-block-spacer\"><\/div>\n\n\n\n<h2 class=\"has-text-align-left has-neve-text-color-color has-text-color\">Schmierstoffe jetzt im Gro\u00dfhandel einkaufen!<\/h2>\n\n\n\n<p class=\"has-text-align-left has-neve-text-color-color has-text-color\" style=\"font-size:17px\">Als langj\u00e4hriger <strong>Gro\u00dfh\u00e4ndler<\/strong> und Wholesaler f\u00fcr Schmierstoffe wie <strong>Motor\u00f6l<\/strong>, <strong>Getriebe\u00f6l<\/strong>, <strong>Verteiler- und Differenzial\u00f6l<\/strong> sowie <strong>Fette<\/strong> f\u00fcr Kfz, Nutzfahrzeuge und Industrie greift ATW Lubricants auf ein leistungsf\u00e4higes Netzwerk aus Lieferanten zur\u00fcck.<\/p>\n\n\n\n<h3><mark style=\"background-color:rgba(0, 0, 0, 0)\" class=\"has-inline-color has-neve-link-color-color\">Internationaler Reseller, Wholesaler, H\u00e4ndler?<\/mark><\/h3>\n\n\n\n<p class=\"has-text-align-left has-neve-text-color-color has-text-color\" style=\"font-size:17px\">Weltweit sind wir in der Lage Ihnen attraktive Angebote als gewerblicher Handelspartner wie Gro\u00dfh\u00e4ndler, Reseller oder H\u00e4ndler zu unterbreiten.<\/p>\n\n\n\n<p class=\"has-text-align-left has-neve-text-color-color has-text-color\" style=\"font-size:17px\">Nehmen Sie Kontakt zu unserem internationalen Verkaufsteam auf! Wir bearbeiten Ihre Anfrage just in time und unterbreiten Ihnen ein wettbewerbsf\u00e4higes Angebot.<\/p>\n\n\n\n<div class=\"is-horizontal is-content-justification-left is-layout-flex wp-container-25 wp-block-buttons\">\n<div class=\"wp-block-button is-style-primary\"><a class=\"wp-block-button__link\" href=\"http:\/\/www.atw-lubricants.com\/wordpress\/kontakt-verkauf\/\">KONTAKT INTERNATIONAL SALES<\/a><\/div>\n<\/div>\n\n\n\n<p><\/p>\n\n\n\n<p><\/p>\n\n\n\n<h3><mark style=\"background-color:rgba(0, 0, 0, 0)\" class=\"has-inline-color has-neve-link-color-color\">Wir sind Ihr Lieferant innerhalb Deutschlands wenn es um Schmierstoffe geht!<\/mark><\/h3>\n\n\n\n<p class=\"has-text-align-left has-neve-text-color-color has-text-color\" style=\"font-size:17px\">Sie sind <strong>gewerblicher<\/strong> Gro\u00dfabnehmer, <strong>H\u00e4ndler<\/strong>, <strong>Wiederverk\u00e4ufer<\/strong>? Dann wissen Sie so gut wie wir: unsere Brache ist schnelllebig. Deshalb steht Ihnen Unser Vertriebsteam t\u00e4glich und ohne Vorlauf zur Seite. Durch schnelle Lieferzweige und gute logistische Anbindung sind wir die schnelle Antwort auf Ihre Nachfrage. Bestellen Sie innerhalb k\u00fcrzester Zeit als gewerblicher Eink\u00e4ufer Schmierstoffe wie <strong>Motoren\u00f6le<\/strong>, <strong>Getriebe\u00f6le<\/strong>, <strong>Fette<\/strong> f\u00fcr <strong>Kfz<\/strong> und <strong>Industrie<\/strong> bei ATW Lubricants!<\/p>\n\n\n\n<p class=\"has-text-align-left has-neve-text-color-color has-text-color\" style=\"font-size:17px\">Ihre pers\u00f6nlichen Ansprechpartner als gewerblicher Kunde sind nie weiter als einen Klick entfernt:<\/p>\n\n\n\n<div class=\"is-horizontal is-content-justification-left is-layout-flex wp-container-26 wp-block-buttons\">\n<div class=\"wp-block-button is-style-primary\"><a class=\"wp-block-button__link\" href=\"http:\/\/www.atw-lubricants.com\/wordpress\/kontakt-verkauf\/\">KONTAKT NATIONAL SALES<\/a><\/div>\n<\/div>\n<\/div>\n<\/div>\n<\/div><\/div>\n\n\n\n<p><\/p>\n<\/div><\/div>\n\n\n\n<div style=\"height:40px\" aria-hidden=\"true\" class=\"wp-block-spacer\"><\/div>\n\n\n\n<div class=\"wp-block-cover alignfull\" style=\"min-height:300px\"><span aria-hidden=\"true\" class=\"wp-block-cover__background has-nv-dark-bg-background-color has-background-dim-100 has-background-dim\"><\/span><div class=\"wp-block-cover__inner-container\">\n<div style=\"height:140px\" aria-hidden=\"true\" class=\"wp-block-spacer\"><\/div>\n\n\n\n<h2 class=\"has-text-align-center has-nv-text-dark-bg-color has-text-color\">Lernen Sie unser Sortiment kennen und arbeiten Sie mit uns zusammen<\/h2>\n\n\n\n<p class=\"has-text-align-center has-medium-font-size\">Entdecken Sie das breite ATW Germany Leistungsspektrum und nehmen Sie gleich Kontakt zu uns auf. <br>Professionelle Beratung und schnelle Leistung geh\u00f6ren zu unserer Profession:<\/p>\n\n\n\n<div class=\"is-horizontal is-content-justification-center is-layout-flex wp-container-30 wp-block-buttons\">\n<div class=\"wp-block-button is-style-primary\"><a class=\"wp-block-button__link\" href=\"https:\/\/atw-lubricants.com\/de\/range-of-services\/\">Unser Leistungsspektrum<\/a><\/div>\n<\/div>\n\n\n\n<div style=\"height:140px\" aria-hidden=\"true\" class=\"wp-block-spacer\"><\/div>\n<\/div><\/div>\n","protected":false},"excerpt":{"rendered":"<p>Gro\u00dfes Sortiment Unser Sortiment umfasst ein sehr gro\u00dfes Portfolio an Schmierstoffen. Eine Abdeckung von Fahrzeugen s\u00e4mtlicher M\u00e4rkte und Hersteller k\u00f6nnen wir so sicherstellen. Premium Betreuung Ihr pers\u00f6nlicher ATW Lubricants Ansprechpartner betreut Sie als H\u00e4ndler, Wiederverk\u00e4ufer oder Werkstatt pers\u00f6nlich und just in in time! Hohe Verf\u00fcgbarkeit Durch hohe Lagerkapazit\u00e4ten und intensive Lieferantenbeziehungen k\u00f6nnen wir auch international&hellip;&nbsp;<a href=\"https:\/\/atw-lubricants.com\/de\/\" rel=\"bookmark\">Weiterlesen &raquo;<span class=\"screen-reader-text\">Startseite<\/span><\/a><\/p>\n","protected":false},"author":1,"featured_media":0,"parent":0,"menu_order":0,"comment_status":"closed","ping_status":"closed","template":"","meta":{"neve_meta_sidebar":"","neve_meta_container":"","neve_meta_enable_content_width":"on","neve_meta_content_width":100,"neve_meta_title_alignment":"","neve_meta_author_avatar":"","neve_post_elements_order":"","neve_meta_disable_header":"","neve_meta_disable_footer":"","neve_meta_disable_title":"on"},"translation":{"provider":"WPGlobus","version":"3.0.1","language":"de","enabled_languages":["en","de"],"languages":{"en":{"title":true,"content":true,"excerpt":false},"de":{"title":true,"content":true,"excerpt":false}}},"_links":{"self":[{"href":"https:\/\/atw-lubricants.com\/de\/wp-json\/wp\/v2\/pages\/6"}],"collection":[{"href":"https:\/\/atw-lubricants.com\/de\/wp-json\/wp\/v2\/pages"}],"about":[{"href":"https:\/\/atw-lubricants.com\/de\/wp-json\/wp\/v2\/types\/page"}],"author":[{"embeddable":true,"href":"https:\/\/atw-lubricants.com\/de\/wp-json\/wp\/v2\/users\/1"}],"replies":[{"embeddable":true,"href":"https:\/\/atw-lubricants.com\/de\/wp-json\/wp\/v2\/comments?post=6"}],"version-history":[{"count":21,"href":"https:\/\/atw-lubricants.com\/de\/wp-json\/wp\/v2\/pages\/6\/revisions"}],"predecessor-version":[{"id":295,"href":"https:\/\/atw-lubricants.com\/de\/wp-json\/wp\/v2\/pages\/6\/revisions\/295"}],"wp:attachment":[{"href":"https:\/\/atw-lubricants.com\/de\/wp-json\/wp\/v2\/media?parent=6"}],"curies":[{"name":"wp","href":"https:\/\/api.w.org\/{rel}","templated":true}]}}