{"id":32,"date":"2022-09-08T12:20:32","date_gmt":"2022-09-08T10:20:32","guid":{"rendered":"http:\/\/atw-lubricants.com\/?page_id=32"},"modified":"2022-09-12T13:57:21","modified_gmt":"2022-09-12T11:57:21","slug":"impressum","status":"publish","type":"page","link":"https:\/\/atw-lubricants.com\/de\/impressum\/","title":{"rendered":"Impressum"},"content":{"rendered":"\n<p>Gesetzliche Anbieterkennung:<\/p>\n\n\n\n<p><strong>Autoteile Werther GmbH<\/strong><br>diese vertreten d. d. Gesch\u00e4ftsf\u00fchrer Eugen Enes<\/p>\n\n\n\n<p>Ziegelstra\u00dfe 3<br>33824 Werther (Westf.)<\/p>\n\n\n\n<p>Telefon: +4952032960460<br>E-Mail:\u00a0<a>info@atw-lubricants.com<\/a><\/p>\n\n\n\n<p>USt-IdNr.: DE275426074<br>Registergericht: Amtsgericht G\u00fctersloh<br>Registernummer: HRB 8563<\/p>\n\n\n\n<p>Inhaltlich Verantwortlicher gem\u00e4\u00df \u00a7 18 Absatz 2 MStV:\u00a0<br>Herr Eugen Enes<br>Ziegelstra\u00dfe 3<br>33824 Werther<br>Deutschland<\/p>\n","protected":false},"excerpt":{"rendered":"<p>Gesetzliche Anbieterkennung: Autoteile Werther GmbHdiese vertreten d. d. Gesch\u00e4ftsf\u00fchrer Eugen Enes Ziegelstra\u00dfe 333824 Werther (Westf.) Telefon: +4952032960460E-Mail:\u00a0info@atw-lubricants.com USt-IdNr.: DE275426074Registergericht: Amtsgericht G\u00fcterslohRegisternummer: HRB 8563 Inhaltlich Verantwortlicher gem\u00e4\u00df \u00a7 18 Absatz 2 MStV:\u00a0Herr Eugen EnesZiegelstra\u00dfe 333824 WertherDeutschland<\/p>\n","protected":false},"author":1,"featured_media":0,"parent":0,"menu_order":0,"comment_status":"closed","ping_status":"closed","template":"","meta":{"neve_meta_sidebar":"","neve_meta_container":"","neve_meta_enable_content_width":"","neve_meta_content_width":0,"neve_meta_title_alignment":"","neve_meta_author_avatar":"","neve_post_elements_order":"","neve_meta_disable_header":"","neve_meta_disable_footer":"","neve_meta_disable_title":""},"translation":{"provider":"WPGlobus","version":"3.0.1","language":"de","enabled_languages":["en","de"],"languages":{"en":{"title":true,"content":true,"excerpt":false},"de":{"title":true,"content":true,"excerpt":false}}},"_links":{"self":[{"href":"https:\/\/atw-lubricants.com\/de\/wp-json\/wp\/v2\/pages\/32"}],"collection":[{"href":"https:\/\/atw-lubricants.com\/de\/wp-json\/wp\/v2\/pages"}],"about":[{"href":"https:\/\/atw-lubricants.com\/de\/wp-json\/wp\/v2\/types\/page"}],"author":[{"embeddable":true,"href":"https:\/\/atw-lubricants.com\/de\/wp-json\/wp\/v2\/users\/1"}],"replies":[{"embeddable":true,"href":"https:\/\/atw-lubricants.com\/de\/wp-json\/wp\/v2\/comments?post=32"}],"version-history":[{"count":8,"href":"https:\/\/atw-lubricants.com\/de\/wp-json\/wp\/v2\/pages\/32\/revisions"}],"predecessor-version":[{"id":258,"href":"https:\/\/atw-lubricants.com\/de\/wp-json\/wp\/v2\/pages\/32\/revisions\/258"}],"wp:attachment":[{"href":"https:\/\/atw-lubricants.com\/de\/wp-json\/wp\/v2\/media?parent=32"}],"curies":[{"name":"wp","href":"https:\/\/api.w.org\/{rel}","templated":true}]}}